{"id":26,"date":"2025-03-28T09:36:46","date_gmt":"2025-03-28T09:36:46","guid":{"rendered":"https:\/\/kdu-doerr.de.168-119-75-70.vorschau.marketing-thom.de\/?page_id=26"},"modified":"2025-04-24T08:19:30","modified_gmt":"2025-04-24T08:19:30","slug":"impressum","status":"publish","type":"page","link":"https:\/\/www.kdu-doerr.de\/?page_id=26","title":{"rendered":"Impressum"},"content":{"rendered":"\t\t<div data-elementor-type=\"wp-page\" data-elementor-id=\"26\" class=\"elementor elementor-26\" data-elementor-post-type=\"page\">\n\t\t\t\t<div class=\"elementor-element elementor-element-060d19e e-flex e-con-boxed e-con e-parent\" data-id=\"060d19e\" data-element_type=\"container\" data-e-type=\"container\">\n\t\t\t\t\t<div class=\"e-con-inner\">\n\t\t\t\t<div class=\"elementor-element elementor-element-6ea5cb9 elementor-widget elementor-widget-heading\" data-id=\"6ea5cb9\" data-element_type=\"widget\" data-e-type=\"widget\" data-widget_type=\"heading.default\">\n\t\t\t\t<div class=\"elementor-widget-container\">\n\t\t\t\t\t<h2 class=\"elementor-heading-title elementor-size-default\">Impressum<\/h2>\t\t\t\t<\/div>\n\t\t\t\t<\/div>\n\t\t\t\t\t<\/div>\n\t\t\t\t<\/div>\n\t\t<div class=\"elementor-element elementor-element-38871b1 e-flex e-con-boxed e-con e-parent\" data-id=\"38871b1\" data-element_type=\"container\" data-e-type=\"container\">\n\t\t\t\t\t<div class=\"e-con-inner\">\n\t\t\t\t<div class=\"elementor-element elementor-element-2dff55c elementor-widget elementor-widget-text-editor\" data-id=\"2dff55c\" data-element_type=\"widget\" data-e-type=\"widget\" data-widget_type=\"text-editor.default\">\n\t\t\t\t<div class=\"elementor-widget-container\">\n\t\t\t\t\t\t\t\t\t<div id=\"imPage\"><div id=\"imContent\"><div><div id=\"imCell_1\" class=\"imGrid[0, 2]\"><div id=\"imCellStyle_1\"><div id=\"imTextObject_1\"><p><span class=\"fs20\"><span class=\"ff1 cf0\"><strong>KDU D\u00f6rr GmbH<\/strong><br \/><span class=\"imUl\"><strong>Haldenweg 12<\/strong><br \/><strong>66333 V\u00f6lklingen<\/strong><br \/><\/span><\/span><\/span><span class=\"imUl\"><span class=\"fs40 ff1 cf0\"><br \/><\/span><\/span><span class=\"fs32 cf3 ff1\"><strong>Vertreten durch:<\/strong><br \/><\/span><span class=\"fs20 cf1 ff1\">Daniel Adams<br \/><br \/><\/span><span class=\"fs32 cf3 ff1\"><strong>Kontakt:<\/strong><br \/><\/span><span class=\"fs20 cf1 ff1\">Telefon: <span style=\"color: #0482c7;\"><a style=\"color: #0482c7;\" href=\"tel:004968988707931\">0 68 98 \/ 8 70 79 31<\/a><\/span><br \/>Handy: <span style=\"color: #0482c7;\"><a style=\"color: #0482c7;\" href=\"tel:004915201823171\">0152 \/ 018 23 171<\/a><\/span><br \/>E-<wbr \/>Mail: <span style=\"color: #0482c7;\"><a style=\"color: #0482c7;\" href=\"mailto:info@kdu-doerr.de\">info@kdu-doerr.de<\/a><\/span><br \/><br \/><\/span><strong><span class=\"fs32 cf3 ff1\">Registereintrag:<\/span><\/strong><span class=\"fs20 cf3 ff1\"><br \/><\/span><span class=\"ff1 fs20\">Eintragung im Handelsregister<br \/>Registergericht:\u00a0<\/span><span class=\"ff1 fs20\">Saarbr\u00fccken<br \/><\/span><span class=\"ff1 fs20\">Registernummer: HRB 16993<\/span><span class=\"cf4 fs32 ff1\"><br \/><br \/><\/span><strong><span class=\"cf3 fs32 ff1\">Umsatzsteuer-<wbr \/>ID:<\/span><\/strong><span class=\"fs20 cf1 ff1\"><br \/>DE259085518<\/span><span class=\"fs32 cf1 ff1\"><br \/><\/span><span class=\"cf3 fs32 ff1\"><br \/><strong>Haftung f\u00fcr Inhalte<\/strong><\/span><span class=\"fs20 cf1 ff1\"><br \/><\/span><span class=\"ff1 fs20\">Als Diensteanbieter sind wir gem\u00e4\u00df \u00a7 7 Abs.1 TMG f\u00fcr eigene Inhalte auf diesen Seiten nach den allgemeinen Gesetzen verantwortlich. Nach \u00a7\u00a7 8 bis 10 TMG sind wir als Diensteanbieter jedoch nicht verpflichtet, \u00fcbermittelte oder gespeicherte fremde Informationen zu \u00fcberwachen oder nach Umst\u00e4nden zu forschen, die auf eine rechtswidrige T\u00e4tigkeit hinweisen. Verpflichtungen zur Entfernung oder Sperrung der Nutzung von Informationen nach den allgemeinen Gesetzen bleiben hiervon unber\u00fchrt. Eine diesbez\u00fcgliche Haftung ist jedoch erst ab dem Zeitpunkt der Kenntnis einer konkreten Rechtsverletzung m\u00f6glich. Bei Bekanntwerden von entsprechenden Rechtsverletzungen werden wir diese Inhalte umgehend entfernen.<br \/><\/span><span class=\"cf3 fs32 ff1\"><br \/><strong>Haftung f\u00fcr Links<\/strong><br \/><\/span><span class=\"ff1 fs20\">Unser Angebot enth\u00e4lt Links zu externen Webseiten Dritter, auf deren Inhalte wir keinen Einfluss haben. Deshalb k\u00f6nnen wir f\u00fcr diese fremden Inhalte auch keine Gew\u00e4hr \u00fcbernehmen. F\u00fcr die Inhalte der verlinkten Seiten ist stets der jeweilige Anbieter oder Betreiber der Seiten verantwortlich. Die verlinkten Seiten wurden zum Zeitpunkt der Verlinkung auf m\u00f6gliche Rechtsverst\u00f6\u00dfe \u00fcberpr\u00fcft. Rechtswidrige Inhalte waren zum Zeitpunkt der Verlinkung nicht erkennbar. Eine permanente inhaltliche Kontrolle der verlinkten Seiten ist jedoch ohne konkrete Anhaltspunkte einer Rechtsverletzung nicht zumutbar. Bei Bekanntwerden von Rechtsverletzungen werden wir derartige Links umgehend entfernen.<br \/><br \/><\/span><span class=\"cf3 fs32 ff1\"><strong>Urheberrecht<\/strong><br \/><\/span><span class=\"ff1 fs20\">Die durch die Seitenbetreiber erstellten Inhalte und Werke auf diesen Seiten unterliegen dem deutschen Urheberrecht. Die Vervielf\u00e4ltigung, Bearbeitung, Verbreitung und jede Art der Verwertung au\u00dferhalb der Grenzen des Urheberrechtes bed\u00fcrfen der schriftlichen Zustimmung des jeweiligen Autors bzw. Erstellers. Downloads und Kopien dieser Seite sind nur f\u00fcr den privaten, nicht kommerziellen Gebrauch gestattet. Soweit die Inhalte auf dieser Seite nicht vom Betreiber erstellt wurden, werden die Urheberrechte Dritter beachtet. Insbesondere werden Inhalte Dritter als solche gekennzeichnet. Sollten Sie trotzdem auf eine Urheberrechtsverletzung aufmerksam werden, bitten wir um einen entsprechenden Hinweis. Bei Bekanntwerden von Rechtsverletzungen werden wir derartige Inhalte umgehend entfernen.<br \/><\/span><\/p><\/div><\/div><\/div><\/div><div class=\"imClear\">\u00a0<\/div><\/div><\/div><div id=\"imFooterBg\">\u00a0<\/div>\t\t\t\t\t\t\t\t<\/div>\n\t\t\t\t<\/div>\n\t\t\t\t\t<\/div>\n\t\t\t\t<\/div>\n\t\t\t\t<\/div>\n\t\t","protected":false},"excerpt":{"rendered":"<p>Impressum KDU D\u00f6rr GmbHHaldenweg 1266333 V\u00f6lklingen Vertreten durch:Daniel Adams Kontakt:Telefon: 0 68 98 \/ 8 70 79 31Handy: 0152 \/ 018 23 171E-Mail: info@kdu-doerr.de Registereintrag:Eintragung im HandelsregisterRegistergericht:\u00a0Saarbr\u00fcckenRegisternummer: HRB 16993 Umsatzsteuer-ID:DE259085518 Haftung f\u00fcr InhalteAls Diensteanbieter sind wir gem\u00e4\u00df \u00a7 7 Abs.1 TMG f\u00fcr eigene Inhalte auf diesen Seiten nach den allgemeinen Gesetzen verantwortlich. Nach \u00a7\u00a7 8 [&hellip;]<\/p>\n","protected":false},"author":1,"featured_media":0,"parent":0,"menu_order":0,"comment_status":"closed","ping_status":"closed","template":"","meta":{"inline_featured_image":false,"footnotes":""},"class_list":["post-26","page","type-page","status-publish","hentry"],"_links":{"self":[{"href":"https:\/\/www.kdu-doerr.de\/index.php?rest_route=\/wp\/v2\/pages\/26","targetHints":{"allow":["GET"]}}],"collection":[{"href":"https:\/\/www.kdu-doerr.de\/index.php?rest_route=\/wp\/v2\/pages"}],"about":[{"href":"https:\/\/www.kdu-doerr.de\/index.php?rest_route=\/wp\/v2\/types\/page"}],"author":[{"embeddable":true,"href":"https:\/\/www.kdu-doerr.de\/index.php?rest_route=\/wp\/v2\/users\/1"}],"replies":[{"embeddable":true,"href":"https:\/\/www.kdu-doerr.de\/index.php?rest_route=%2Fwp%2Fv2%2Fcomments&post=26"}],"version-history":[{"count":7,"href":"https:\/\/www.kdu-doerr.de\/index.php?rest_route=\/wp\/v2\/pages\/26\/revisions"}],"predecessor-version":[{"id":300,"href":"https:\/\/www.kdu-doerr.de\/index.php?rest_route=\/wp\/v2\/pages\/26\/revisions\/300"}],"wp:attachment":[{"href":"https:\/\/www.kdu-doerr.de\/index.php?rest_route=%2Fwp%2Fv2%2Fmedia&parent=26"}],"curies":[{"name":"wp","href":"https:\/\/api.w.org\/{rel}","templated":true}]}}